{"id":108,"date":"2025-08-05T18:43:15","date_gmt":"2025-08-05T16:43:15","guid":{"rendered":"https:\/\/hm-studio.art\/?page_id=108"},"modified":"2025-08-07T15:16:56","modified_gmt":"2025-08-07T13:16:56","slug":"miche","status":"publish","type":"page","link":"https:\/\/hm-studio.art\/?page_id=108","title":{"rendered":"MICHE"},"content":{"rendered":"\t\t<div data-elementor-type=\"wp-page\" data-elementor-id=\"108\" class=\"elementor elementor-108\">\n\t\t\t\t<div class=\"elementor-element elementor-element-c6ac1e0 e-flex e-con-boxed e-con e-parent\" data-id=\"c6ac1e0\" data-element_type=\"container\">\n\t\t\t\t\t<div class=\"e-con-inner\">\n\t\t<div class=\"elementor-element elementor-element-fd366eb e-con-full e-flex e-con e-child\" data-id=\"fd366eb\" data-element_type=\"container\">\n\t\t\t\t<div class=\"elementor-element elementor-element-210bb8c elementor-widget elementor-widget-text-editor\" data-id=\"210bb8c\" data-element_type=\"widget\" data-widget_type=\"text-editor.default\">\n\t\t\t\t<div class=\"elementor-widget-container\">\n\t\t\t\t\t\t\t\t\t<p>La boulangerie \u00ab\u00a0MICHE\u00a0\u00bb est une nouvelle boulangerie artisanale qui s&rsquo;ouvre dans un quartier r\u00e9sidentiel. Elle met un point d&rsquo;honneur \u00e0 proposer des produits frais, faits maison, et pr\u00e9par\u00e9s avec des ingr\u00e9dients locaux de haute qualit\u00e9.<\/p><p>Le concept repose sur le savoir-faire traditionnel, mais avec une touche de modernit\u00e9 qui attire une client\u00e8le jeune et branch\u00e9e tout en restant fid\u00e8le aux amateurs de boulangerie authentique.<\/p>\t\t\t\t\t\t\t\t<\/div>\n\t\t\t\t<\/div>\n\t\t\t\t<\/div>\n\t\t<div class=\"elementor-element elementor-element-5f464ac e-con-full e-flex e-con e-child\" data-id=\"5f464ac\" data-element_type=\"container\">\n\t\t\t\t<div class=\"elementor-element elementor-element-bc91179 elementor-widget elementor-widget-image\" data-id=\"bc91179\" data-element_type=\"widget\" data-widget_type=\"image.default\">\n\t\t\t\t<div class=\"elementor-widget-container\">\n\t\t\t\t\t\t\t\t\t\t\t\t\t\t\t<img fetchpriority=\"high\" decoding=\"async\" width=\"842\" height=\"851\" src=\"https:\/\/hm-studio.art\/wp-content\/uploads\/2025\/08\/POST-2.png\" class=\"attachment-large size-large wp-image-55\" alt=\"\" srcset=\"https:\/\/hm-studio.art\/wp-content\/uploads\/2025\/08\/POST-2.png 842w, https:\/\/hm-studio.art\/wp-content\/uploads\/2025\/08\/POST-2-297x300.png 297w, https:\/\/hm-studio.art\/wp-content\/uploads\/2025\/08\/POST-2-768x776.png 768w\" sizes=\"(max-width: 842px) 100vw, 842px\" \/>\t\t\t\t\t\t\t\t\t\t\t\t\t\t\t<\/div>\n\t\t\t\t<\/div>\n\t\t\t\t<\/div>\n\t\t\t\t\t<\/div>\n\t\t\t\t<\/div>\n\t\t<div class=\"elementor-element elementor-element-2124c79 e-flex e-con-boxed e-con e-parent\" data-id=\"2124c79\" data-element_type=\"container\">\n\t\t\t\t\t<div class=\"e-con-inner\">\n\t\t<div class=\"elementor-element elementor-element-0847fd7 e-con-full e-flex e-con e-child\" data-id=\"0847fd7\" data-element_type=\"container\">\n\t\t\t\t<\/div>\n\t\t<div class=\"elementor-element elementor-element-c75631d e-con-full e-flex e-con e-child\" data-id=\"c75631d\" data-element_type=\"container\">\n\t\t\t\t<div class=\"elementor-element elementor-element-f819da6 elementor-widget elementor-widget-image\" data-id=\"f819da6\" data-element_type=\"widget\" data-widget_type=\"image.default\">\n\t\t\t\t<div class=\"elementor-widget-container\">\n\t\t\t\t\t\t\t\t\t\t\t\t\t\t\t<img decoding=\"async\" width=\"842\" height=\"851\" src=\"https:\/\/hm-studio.art\/wp-content\/uploads\/2025\/08\/POST-4-1.png\" class=\"attachment-large size-large wp-image-133\" alt=\"\" srcset=\"https:\/\/hm-studio.art\/wp-content\/uploads\/2025\/08\/POST-4-1.png 842w, https:\/\/hm-studio.art\/wp-content\/uploads\/2025\/08\/POST-4-1-297x300.png 297w, https:\/\/hm-studio.art\/wp-content\/uploads\/2025\/08\/POST-4-1-768x776.png 768w\" sizes=\"(max-width: 842px) 100vw, 842px\" \/>\t\t\t\t\t\t\t\t\t\t\t\t\t\t\t<\/div>\n\t\t\t\t<\/div>\n\t\t\t\t<\/div>\n\t\t\t\t\t<\/div>\n\t\t\t\t<\/div>\n\t\t<div class=\"elementor-element elementor-element-b289b3c e-flex e-con-boxed e-con e-parent\" data-id=\"b289b3c\" data-element_type=\"container\">\n\t\t\t\t\t<div class=\"e-con-inner\">\n\t\t<div class=\"elementor-element elementor-element-b754e64 e-con-full e-flex e-con e-child\" data-id=\"b754e64\" data-element_type=\"container\">\n\t\t\t\t<\/div>\n\t\t<div class=\"elementor-element elementor-element-4fc9369 e-con-full e-flex e-con e-child\" data-id=\"4fc9369\" data-element_type=\"container\">\n\t\t\t\t<div class=\"elementor-element elementor-element-93f034d elementor-widget elementor-widget-image\" data-id=\"93f034d\" data-element_type=\"widget\" data-widget_type=\"image.default\">\n\t\t\t\t<div class=\"elementor-widget-container\">\n\t\t\t\t\t\t\t\t\t\t\t\t\t\t\t<img decoding=\"async\" width=\"842\" height=\"851\" src=\"https:\/\/hm-studio.art\/wp-content\/uploads\/2025\/08\/POST-6-1.png\" class=\"attachment-large size-large wp-image-135\" alt=\"\" srcset=\"https:\/\/hm-studio.art\/wp-content\/uploads\/2025\/08\/POST-6-1.png 842w, https:\/\/hm-studio.art\/wp-content\/uploads\/2025\/08\/POST-6-1-297x300.png 297w, https:\/\/hm-studio.art\/wp-content\/uploads\/2025\/08\/POST-6-1-768x776.png 768w\" sizes=\"(max-width: 842px) 100vw, 842px\" \/>\t\t\t\t\t\t\t\t\t\t\t\t\t\t\t<\/div>\n\t\t\t\t<\/div>\n\t\t\t\t<\/div>\n\t\t\t\t\t<\/div>\n\t\t\t\t<\/div>\n\t\t<div class=\"elementor-element elementor-element-bf77de1 e-flex e-con-boxed e-con e-parent\" data-id=\"bf77de1\" data-element_type=\"container\">\n\t\t\t\t\t<div class=\"e-con-inner\">\n\t\t<div class=\"elementor-element elementor-element-0ec0b0e e-con-full e-flex e-con e-child\" data-id=\"0ec0b0e\" data-element_type=\"container\">\n\t\t\t\t<\/div>\n\t\t<div class=\"elementor-element elementor-element-db90aad e-con-full e-flex e-con e-child\" data-id=\"db90aad\" data-element_type=\"container\">\n\t\t\t\t<div class=\"elementor-element elementor-element-71bea94 elementor-widget elementor-widget-image\" data-id=\"71bea94\" data-element_type=\"widget\" data-widget_type=\"image.default\">\n\t\t\t\t<div class=\"elementor-widget-container\">\n\t\t\t\t\t\t\t\t\t\t\t\t\t\t\t<img loading=\"lazy\" decoding=\"async\" width=\"842\" height=\"849\" src=\"https:\/\/hm-studio.art\/wp-content\/uploads\/2025\/08\/POST-7.png\" class=\"attachment-large size-large wp-image-136\" alt=\"\" srcset=\"https:\/\/hm-studio.art\/wp-content\/uploads\/2025\/08\/POST-7.png 842w, https:\/\/hm-studio.art\/wp-content\/uploads\/2025\/08\/POST-7-298x300.png 298w, https:\/\/hm-studio.art\/wp-content\/uploads\/2025\/08\/POST-7-150x150.png 150w, https:\/\/hm-studio.art\/wp-content\/uploads\/2025\/08\/POST-7-768x774.png 768w\" sizes=\"(max-width: 842px) 100vw, 842px\" \/>\t\t\t\t\t\t\t\t\t\t\t\t\t\t\t<\/div>\n\t\t\t\t<\/div>\n\t\t\t\t<\/div>\n\t\t\t\t\t<\/div>\n\t\t\t\t<\/div>\n\t\t<div class=\"elementor-element elementor-element-fae6fce e-flex e-con-boxed e-con e-parent\" data-id=\"fae6fce\" data-element_type=\"container\">\n\t\t\t\t\t<div class=\"e-con-inner\">\n\t\t<div class=\"elementor-element elementor-element-0b045e8 e-con-full e-flex e-con e-child\" data-id=\"0b045e8\" data-element_type=\"container\">\n\t\t\t\t<\/div>\n\t\t<div class=\"elementor-element elementor-element-199053d e-con-full e-flex e-con e-child\" data-id=\"199053d\" data-element_type=\"container\">\n\t\t\t\t<div class=\"elementor-element elementor-element-775cd4c elementor-widget elementor-widget-image\" data-id=\"775cd4c\" data-element_type=\"widget\" data-widget_type=\"image.default\">\n\t\t\t\t<div class=\"elementor-widget-container\">\n\t\t\t\t\t\t\t\t\t\t\t\t\t\t\t<img loading=\"lazy\" decoding=\"async\" width=\"842\" height=\"854\" src=\"https:\/\/hm-studio.art\/wp-content\/uploads\/2025\/08\/POST-8.png\" class=\"attachment-large size-large wp-image-137\" alt=\"\" srcset=\"https:\/\/hm-studio.art\/wp-content\/uploads\/2025\/08\/POST-8.png 842w, https:\/\/hm-studio.art\/wp-content\/uploads\/2025\/08\/POST-8-296x300.png 296w, https:\/\/hm-studio.art\/wp-content\/uploads\/2025\/08\/POST-8-768x779.png 768w\" sizes=\"(max-width: 842px) 100vw, 842px\" \/>\t\t\t\t\t\t\t\t\t\t\t\t\t\t\t<\/div>\n\t\t\t\t<\/div>\n\t\t\t\t<\/div>\n\t\t\t\t\t<\/div>\n\t\t\t\t<\/div>\n\t\t<div class=\"elementor-element elementor-element-6cc92c2 e-flex e-con-boxed e-con e-parent\" data-id=\"6cc92c2\" data-element_type=\"container\">\n\t\t\t\t\t<div class=\"e-con-inner\">\n\t\t<div class=\"elementor-element elementor-element-30eaddb e-con-full e-flex e-con e-child\" data-id=\"30eaddb\" data-element_type=\"container\">\n\t\t\t\t<\/div>\n\t\t<div class=\"elementor-element elementor-element-06b52ab e-con-full e-flex e-con e-child\" data-id=\"06b52ab\" data-element_type=\"container\">\n\t\t\t\t<div class=\"elementor-element elementor-element-3e5e581 elementor-widget elementor-widget-image\" data-id=\"3e5e581\" data-element_type=\"widget\" data-widget_type=\"image.default\">\n\t\t\t\t<div class=\"elementor-widget-container\">\n\t\t\t\t\t\t\t\t\t\t\t\t\t\t\t<img loading=\"lazy\" decoding=\"async\" width=\"842\" height=\"851\" src=\"https:\/\/hm-studio.art\/wp-content\/uploads\/2025\/08\/POST-9.png\" class=\"attachment-large size-large wp-image-138\" alt=\"\" srcset=\"https:\/\/hm-studio.art\/wp-content\/uploads\/2025\/08\/POST-9.png 842w, https:\/\/hm-studio.art\/wp-content\/uploads\/2025\/08\/POST-9-297x300.png 297w, https:\/\/hm-studio.art\/wp-content\/uploads\/2025\/08\/POST-9-768x776.png 768w\" sizes=\"(max-width: 842px) 100vw, 842px\" \/>\t\t\t\t\t\t\t\t\t\t\t\t\t\t\t<\/div>\n\t\t\t\t<\/div>\n\t\t\t\t<\/div>\n\t\t\t\t\t<\/div>\n\t\t\t\t<\/div>\n\t\t\t\t<\/div>\n\t\t","protected":false},"excerpt":{"rendered":"<p>La boulangerie \u00ab\u00a0MICHE\u00a0\u00bb est une nouvelle boulangerie artisanale qui s&rsquo;ouvre dans un quartier r\u00e9sidentiel. Elle met un point d&rsquo;honneur \u00e0 proposer des produits frais, faits maison, et pr\u00e9par\u00e9s avec des ingr\u00e9dients locaux de haute qualit\u00e9. Le concept repose sur le savoir-faire traditionnel, mais avec une touche de modernit\u00e9 qui attire une client\u00e8le jeune et branch\u00e9e [&hellip;]<\/p>\n","protected":false},"author":1,"featured_media":0,"parent":0,"menu_order":0,"comment_status":"closed","ping_status":"closed","template":"blank","meta":{"footnotes":""},"class_list":["post-108","page","type-page","status-publish","hentry"],"_links":{"self":[{"href":"https:\/\/hm-studio.art\/index.php?rest_route=\/wp\/v2\/pages\/108","targetHints":{"allow":["GET"]}}],"collection":[{"href":"https:\/\/hm-studio.art\/index.php?rest_route=\/wp\/v2\/pages"}],"about":[{"href":"https:\/\/hm-studio.art\/index.php?rest_route=\/wp\/v2\/types\/page"}],"author":[{"embeddable":true,"href":"https:\/\/hm-studio.art\/index.php?rest_route=\/wp\/v2\/users\/1"}],"replies":[{"embeddable":true,"href":"https:\/\/hm-studio.art\/index.php?rest_route=%2Fwp%2Fv2%2Fcomments&post=108"}],"version-history":[{"count":52,"href":"https:\/\/hm-studio.art\/index.php?rest_route=\/wp\/v2\/pages\/108\/revisions"}],"predecessor-version":[{"id":198,"href":"https:\/\/hm-studio.art\/index.php?rest_route=\/wp\/v2\/pages\/108\/revisions\/198"}],"wp:attachment":[{"href":"https:\/\/hm-studio.art\/index.php?rest_route=%2Fwp%2Fv2%2Fmedia&parent=108"}],"curies":[{"name":"wp","href":"https:\/\/api.w.org\/{rel}","templated":true}]}}