{"id":167,"date":"2025-08-05T19:07:31","date_gmt":"2025-08-05T17:07:31","guid":{"rendered":"https:\/\/hm-studio.art\/?page_id=167"},"modified":"2025-09-04T11:03:59","modified_gmt":"2025-09-04T09:03:59","slug":"la-mer-a-boire","status":"publish","type":"page","link":"https:\/\/hm-studio.art\/?page_id=167","title":{"rendered":"LA MER A BOIRE"},"content":{"rendered":"\t\t<div data-elementor-type=\"wp-page\" data-elementor-id=\"167\" class=\"elementor elementor-167\">\n\t\t\t\t<div class=\"elementor-element elementor-element-d15c75f e-flex e-con-boxed e-con e-parent\" data-id=\"d15c75f\" data-element_type=\"container\">\n\t\t\t\t\t<div class=\"e-con-inner\">\n\t\t<div class=\"elementor-element elementor-element-3fa27a8 e-con-full e-flex e-con e-child\" data-id=\"3fa27a8\" data-element_type=\"container\">\n\t\t\t\t<div class=\"elementor-element elementor-element-763a920 elementor-widget elementor-widget-text-editor\" data-id=\"763a920\" data-element_type=\"widget\" data-widget_type=\"text-editor.default\">\n\t\t\t\t<div class=\"elementor-widget-container\">\n\t\t\t\t\t\t\t\t\t<p>Il s\u2019appelle Jo. Cinquante balais bien tap\u00e9s, le bronzage \u00e0 vie et les mains marqu\u00e9es par le sel. Il vit \u00e0 S\u00e8te, dans une petite maison qui sent l\u2019anis, le tabac blond et la mar\u00e9e basse. Il se l\u00e8ve t\u00f4t, pas par contrainte, mais parce qu\u2019il aime voir le jour commencer avec un caf\u00e9 noir et le clapotis contre le quai. <br \/>Jo, c\u2019est un gars de la mer \u2014 il p\u00eache, il cuisine, il parle fort, il rigole plus fort encore.<\/p><p>C\u2019est lui, l\u2019\u00e2me de \u00ab\u00a0La Mer \u00e0 Boire\u00a0\u00bb.<br \/>Un mec vrai, solaire, g\u00e9n\u00e9reux, qui ne vend pas des hu\u00eetres\u2026 mais des bons moments<\/p>\t\t\t\t\t\t\t\t<\/div>\n\t\t\t\t<\/div>\n\t\t\t\t<\/div>\n\t\t<div class=\"elementor-element elementor-element-07b031d e-con-full e-flex e-con e-child\" data-id=\"07b031d\" data-element_type=\"container\">\n\t\t\t\t<div class=\"elementor-element elementor-element-07c3a31 elementor-widget elementor-widget-image\" data-id=\"07c3a31\" data-element_type=\"widget\" data-widget_type=\"image.default\">\n\t\t\t\t<div class=\"elementor-widget-container\">\n\t\t\t\t\t\t\t\t\t\t\t\t\t\t\t<img fetchpriority=\"high\" decoding=\"async\" width=\"1024\" height=\"1024\" src=\"https:\/\/hm-studio.art\/wp-content\/uploads\/2025\/09\/POST-2-1024x1024.png\" class=\"attachment-large size-large wp-image-201\" alt=\"\" srcset=\"https:\/\/hm-studio.art\/wp-content\/uploads\/2025\/09\/POST-2-1024x1024.png 1024w, https:\/\/hm-studio.art\/wp-content\/uploads\/2025\/09\/POST-2-300x300.png 300w, https:\/\/hm-studio.art\/wp-content\/uploads\/2025\/09\/POST-2-150x150.png 150w, https:\/\/hm-studio.art\/wp-content\/uploads\/2025\/09\/POST-2-768x768.png 768w, https:\/\/hm-studio.art\/wp-content\/uploads\/2025\/09\/POST-2.png 1138w\" sizes=\"(max-width: 1024px) 100vw, 1024px\" \/>\t\t\t\t\t\t\t\t\t\t\t\t\t\t\t<\/div>\n\t\t\t\t<\/div>\n\t\t\t\t<\/div>\n\t\t\t\t\t<\/div>\n\t\t\t\t<\/div>\n\t\t<div class=\"elementor-element elementor-element-8dd74f9 e-flex e-con-boxed e-con e-parent\" data-id=\"8dd74f9\" data-element_type=\"container\">\n\t\t\t\t\t<div class=\"e-con-inner\">\n\t\t<div class=\"elementor-element elementor-element-e49c1b6 e-con-full e-flex e-con e-child\" data-id=\"e49c1b6\" data-element_type=\"container\">\n\t\t\t\t<\/div>\n\t\t<div class=\"elementor-element elementor-element-f88285e e-con-full e-flex e-con e-child\" data-id=\"f88285e\" data-element_type=\"container\">\n\t\t\t\t<div class=\"elementor-element elementor-element-96010b0 elementor-widget elementor-widget-image\" data-id=\"96010b0\" data-element_type=\"widget\" data-widget_type=\"image.default\">\n\t\t\t\t<div class=\"elementor-widget-container\">\n\t\t\t\t\t\t\t\t\t\t\t\t\t\t\t<img decoding=\"async\" width=\"1024\" height=\"1024\" src=\"https:\/\/hm-studio.art\/wp-content\/uploads\/2025\/09\/POST-1-1024x1024.png\" class=\"attachment-large size-large wp-image-200\" alt=\"\" srcset=\"https:\/\/hm-studio.art\/wp-content\/uploads\/2025\/09\/POST-1-1024x1024.png 1024w, https:\/\/hm-studio.art\/wp-content\/uploads\/2025\/09\/POST-1-300x300.png 300w, https:\/\/hm-studio.art\/wp-content\/uploads\/2025\/09\/POST-1-150x150.png 150w, https:\/\/hm-studio.art\/wp-content\/uploads\/2025\/09\/POST-1-768x768.png 768w, https:\/\/hm-studio.art\/wp-content\/uploads\/2025\/09\/POST-1.png 1138w\" sizes=\"(max-width: 1024px) 100vw, 1024px\" \/>\t\t\t\t\t\t\t\t\t\t\t\t\t\t\t<\/div>\n\t\t\t\t<\/div>\n\t\t\t\t<\/div>\n\t\t\t\t\t<\/div>\n\t\t\t\t<\/div>\n\t\t<div class=\"elementor-element elementor-element-5affb31 e-flex e-con-boxed e-con e-parent\" data-id=\"5affb31\" data-element_type=\"container\">\n\t\t\t\t\t<div class=\"e-con-inner\">\n\t\t<div class=\"elementor-element elementor-element-ac301a5 e-con-full e-flex e-con e-child\" data-id=\"ac301a5\" data-element_type=\"container\">\n\t\t\t\t<\/div>\n\t\t<div class=\"elementor-element elementor-element-7ec1631 e-con-full e-flex e-con e-child\" data-id=\"7ec1631\" data-element_type=\"container\">\n\t\t\t\t<div class=\"elementor-element elementor-element-0ae679b elementor-widget elementor-widget-image\" data-id=\"0ae679b\" data-element_type=\"widget\" data-widget_type=\"image.default\">\n\t\t\t\t<div class=\"elementor-widget-container\">\n\t\t\t\t\t\t\t\t\t\t\t\t\t\t\t<img decoding=\"async\" width=\"1024\" height=\"1024\" src=\"https:\/\/hm-studio.art\/wp-content\/uploads\/2025\/09\/POST-6-1024x1024.png\" class=\"attachment-large size-large wp-image-206\" alt=\"\" srcset=\"https:\/\/hm-studio.art\/wp-content\/uploads\/2025\/09\/POST-6-1024x1024.png 1024w, https:\/\/hm-studio.art\/wp-content\/uploads\/2025\/09\/POST-6-300x300.png 300w, https:\/\/hm-studio.art\/wp-content\/uploads\/2025\/09\/POST-6-150x150.png 150w, https:\/\/hm-studio.art\/wp-content\/uploads\/2025\/09\/POST-6-768x768.png 768w, https:\/\/hm-studio.art\/wp-content\/uploads\/2025\/09\/POST-6.png 1138w\" sizes=\"(max-width: 1024px) 100vw, 1024px\" \/>\t\t\t\t\t\t\t\t\t\t\t\t\t\t\t<\/div>\n\t\t\t\t<\/div>\n\t\t\t\t<\/div>\n\t\t\t\t\t<\/div>\n\t\t\t\t<\/div>\n\t\t<div class=\"elementor-element elementor-element-4d7eca4 e-flex e-con-boxed e-con e-parent\" data-id=\"4d7eca4\" data-element_type=\"container\">\n\t\t\t\t\t<div class=\"e-con-inner\">\n\t\t<div class=\"elementor-element elementor-element-6f9beb5 e-con-full e-flex e-con e-child\" data-id=\"6f9beb5\" data-element_type=\"container\">\n\t\t\t\t<\/div>\n\t\t<div class=\"elementor-element elementor-element-d7b851e e-con-full e-flex e-con e-child\" data-id=\"d7b851e\" data-element_type=\"container\">\n\t\t\t\t<div class=\"elementor-element elementor-element-7bf45f8 elementor-widget elementor-widget-image\" data-id=\"7bf45f8\" data-element_type=\"widget\" data-widget_type=\"image.default\">\n\t\t\t\t<div class=\"elementor-widget-container\">\n\t\t\t\t\t\t\t\t\t\t\t\t\t\t\t<img loading=\"lazy\" decoding=\"async\" width=\"1024\" height=\"1024\" src=\"https:\/\/hm-studio.art\/wp-content\/uploads\/2025\/09\/POST-5-1024x1024.png\" class=\"attachment-large size-large wp-image-205\" alt=\"\" srcset=\"https:\/\/hm-studio.art\/wp-content\/uploads\/2025\/09\/POST-5-1024x1024.png 1024w, https:\/\/hm-studio.art\/wp-content\/uploads\/2025\/09\/POST-5-300x300.png 300w, https:\/\/hm-studio.art\/wp-content\/uploads\/2025\/09\/POST-5-150x150.png 150w, https:\/\/hm-studio.art\/wp-content\/uploads\/2025\/09\/POST-5-768x767.png 768w, https:\/\/hm-studio.art\/wp-content\/uploads\/2025\/09\/POST-5.png 1138w\" sizes=\"(max-width: 1024px) 100vw, 1024px\" \/>\t\t\t\t\t\t\t\t\t\t\t\t\t\t\t<\/div>\n\t\t\t\t<\/div>\n\t\t\t\t<\/div>\n\t\t\t\t\t<\/div>\n\t\t\t\t<\/div>\n\t\t<div class=\"elementor-element elementor-element-19450d8 e-flex e-con-boxed e-con e-parent\" data-id=\"19450d8\" data-element_type=\"container\">\n\t\t\t\t\t<div class=\"e-con-inner\">\n\t\t<div class=\"elementor-element elementor-element-02a25f7 e-con-full e-flex e-con e-child\" data-id=\"02a25f7\" data-element_type=\"container\">\n\t\t\t\t<\/div>\n\t\t<div class=\"elementor-element elementor-element-171b321 e-con-full e-flex e-con e-child\" data-id=\"171b321\" data-element_type=\"container\">\n\t\t\t\t<div class=\"elementor-element elementor-element-cd3649b elementor-widget elementor-widget-image\" data-id=\"cd3649b\" data-element_type=\"widget\" data-widget_type=\"image.default\">\n\t\t\t\t<div class=\"elementor-widget-container\">\n\t\t\t\t\t\t\t\t\t\t\t\t\t\t\t<img loading=\"lazy\" decoding=\"async\" width=\"1024\" height=\"1024\" src=\"https:\/\/hm-studio.art\/wp-content\/uploads\/2025\/09\/POST-3-1024x1024.png\" class=\"attachment-large size-large wp-image-202\" alt=\"\" srcset=\"https:\/\/hm-studio.art\/wp-content\/uploads\/2025\/09\/POST-3-1024x1024.png 1024w, https:\/\/hm-studio.art\/wp-content\/uploads\/2025\/09\/POST-3-300x300.png 300w, https:\/\/hm-studio.art\/wp-content\/uploads\/2025\/09\/POST-3-150x150.png 150w, https:\/\/hm-studio.art\/wp-content\/uploads\/2025\/09\/POST-3-768x768.png 768w, https:\/\/hm-studio.art\/wp-content\/uploads\/2025\/09\/POST-3.png 1138w\" sizes=\"(max-width: 1024px) 100vw, 1024px\" \/>\t\t\t\t\t\t\t\t\t\t\t\t\t\t\t<\/div>\n\t\t\t\t<\/div>\n\t\t\t\t<\/div>\n\t\t\t\t\t<\/div>\n\t\t\t\t<\/div>\n\t\t<div class=\"elementor-element elementor-element-801f442 e-flex e-con-boxed e-con e-parent\" data-id=\"801f442\" data-element_type=\"container\">\n\t\t\t\t\t<div class=\"e-con-inner\">\n\t\t<div class=\"elementor-element elementor-element-26afa17 e-con-full e-flex e-con e-child\" data-id=\"26afa17\" data-element_type=\"container\">\n\t\t\t\t<\/div>\n\t\t<div class=\"elementor-element elementor-element-75b52ba e-con-full e-flex e-con e-child\" data-id=\"75b52ba\" data-element_type=\"container\">\n\t\t\t\t<div class=\"elementor-element elementor-element-228376e elementor-widget elementor-widget-image\" data-id=\"228376e\" data-element_type=\"widget\" data-widget_type=\"image.default\">\n\t\t\t\t<div class=\"elementor-widget-container\">\n\t\t\t\t\t\t\t\t\t\t\t\t\t\t\t<img loading=\"lazy\" decoding=\"async\" width=\"1024\" height=\"1024\" src=\"https:\/\/hm-studio.art\/wp-content\/uploads\/2025\/09\/POST-4-1024x1024.png\" class=\"attachment-large size-large wp-image-203\" alt=\"\" srcset=\"https:\/\/hm-studio.art\/wp-content\/uploads\/2025\/09\/POST-4-1024x1024.png 1024w, https:\/\/hm-studio.art\/wp-content\/uploads\/2025\/09\/POST-4-300x300.png 300w, https:\/\/hm-studio.art\/wp-content\/uploads\/2025\/09\/POST-4-150x150.png 150w, https:\/\/hm-studio.art\/wp-content\/uploads\/2025\/09\/POST-4-768x768.png 768w, https:\/\/hm-studio.art\/wp-content\/uploads\/2025\/09\/POST-4.png 1138w\" sizes=\"(max-width: 1024px) 100vw, 1024px\" \/>\t\t\t\t\t\t\t\t\t\t\t\t\t\t\t<\/div>\n\t\t\t\t<\/div>\n\t\t\t\t<\/div>\n\t\t\t\t\t<\/div>\n\t\t\t\t<\/div>\n\t\t\t\t<\/div>\n\t\t","protected":false},"excerpt":{"rendered":"<p>Il s\u2019appelle Jo. Cinquante balais bien tap\u00e9s, le bronzage \u00e0 vie et les mains marqu\u00e9es par le sel. Il vit \u00e0 S\u00e8te, dans une petite maison qui sent l\u2019anis, le tabac blond et la mar\u00e9e basse. Il se l\u00e8ve t\u00f4t, pas par contrainte, mais parce qu\u2019il aime voir le jour commencer avec un caf\u00e9 noir [&hellip;]<\/p>\n","protected":false},"author":1,"featured_media":0,"parent":0,"menu_order":0,"comment_status":"closed","ping_status":"closed","template":"blank","meta":{"footnotes":""},"class_list":["post-167","page","type-page","status-publish","hentry"],"_links":{"self":[{"href":"https:\/\/hm-studio.art\/index.php?rest_route=\/wp\/v2\/pages\/167","targetHints":{"allow":["GET"]}}],"collection":[{"href":"https:\/\/hm-studio.art\/index.php?rest_route=\/wp\/v2\/pages"}],"about":[{"href":"https:\/\/hm-studio.art\/index.php?rest_route=\/wp\/v2\/types\/page"}],"author":[{"embeddable":true,"href":"https:\/\/hm-studio.art\/index.php?rest_route=\/wp\/v2\/users\/1"}],"replies":[{"embeddable":true,"href":"https:\/\/hm-studio.art\/index.php?rest_route=%2Fwp%2Fv2%2Fcomments&post=167"}],"version-history":[{"count":14,"href":"https:\/\/hm-studio.art\/index.php?rest_route=\/wp\/v2\/pages\/167\/revisions"}],"predecessor-version":[{"id":279,"href":"https:\/\/hm-studio.art\/index.php?rest_route=\/wp\/v2\/pages\/167\/revisions\/279"}],"wp:attachment":[{"href":"https:\/\/hm-studio.art\/index.php?rest_route=%2Fwp%2Fv2%2Fmedia&parent=167"}],"curies":[{"name":"wp","href":"https:\/\/api.w.org\/{rel}","templated":true}]}}