{"id":327,"date":"2025-09-04T11:21:41","date_gmt":"2025-09-04T09:21:41","guid":{"rendered":"https:\/\/hm-studio.art\/?page_id=327"},"modified":"2025-09-04T11:31:34","modified_gmt":"2025-09-04T09:31:34","slug":"pride-house","status":"publish","type":"page","link":"https:\/\/hm-studio.art\/?page_id=327","title":{"rendered":"PRIDE HOUSE"},"content":{"rendered":"\t\t<div data-elementor-type=\"wp-page\" data-elementor-id=\"327\" class=\"elementor elementor-327\">\n\t\t\t\t<div class=\"elementor-element elementor-element-ebdcdfc e-flex e-con-boxed e-con e-parent\" data-id=\"ebdcdfc\" data-element_type=\"container\">\n\t\t\t\t\t<div class=\"e-con-inner\">\n\t\t<div class=\"elementor-element elementor-element-bc1cd03 e-con-full e-flex e-con e-child\" data-id=\"bc1cd03\" data-element_type=\"container\">\n\t\t\t\t<div class=\"elementor-element elementor-element-bdbc17d elementor-widget elementor-widget-text-editor\" data-id=\"bdbc17d\" data-element_type=\"widget\" data-widget_type=\"text-editor.default\">\n\t\t\t\t<div class=\"elementor-widget-container\">\n\t\t\t\t\t\t\t\t\t<p>Cr\u00e9ation d\u2019une campagne d\u2019affichage pour la Pride House Paris 2024, un projet collaboratif qui a \u00e9t\u00e9 distingu\u00e9 par un prix lors de la c\u00e9r\u00e9monie du Club des DA.<\/p><p>Le slogan \u00ab \u00c0 la Pride House 2024, tout le monde s\u2019y retrouve \u00bb constitue le c\u0153ur du concept cr\u00e9atif, car il traduit une double id\u00e9e. Il \u00e9voque d\u2019abord un lieu chaleureux et vivant o\u00f9 r\u00e8gnent la convivialit\u00e9, l\u2019esprit d\u2019\u00e9quipe et la joie de partager des moments collectifs, un espace o\u00f9 l\u2019on vient naturellement se rencontrer, \u00e9changer, rire et vibrer ensemble.<\/p><p>Mais il porte aussi une dimension symbolique plus profonde, celle d\u2019un lieu inclusif o\u00f9 chacun\u00b7e peut se reconna\u00eetre et trouver sa place, ind\u00e9pendamment de sa personnalit\u00e9, de son parcours ou de son identit\u00e9.<\/p><p>La Pride House devient ainsi bien plus qu\u2019un simple espace d\u2019accueil, elle se transforme en un v\u00e9ritable refuge, un terrain d\u2019expression libre et un lieu de c\u00e9l\u00e9bration o\u00f9 toutes les diversit\u00e9s se rejoignent pour affirmer qu\u2019au-del\u00e0 des diff\u00e9rences, ce qui rassemble avant tout c\u2019est une passion commune : le sport, vecteur d\u2019unit\u00e9, de d\u00e9passement et de fiert\u00e9 partag\u00e9e.<\/p>\t\t\t\t\t\t\t\t<\/div>\n\t\t\t\t<\/div>\n\t\t\t\t<\/div>\n\t\t<div class=\"elementor-element elementor-element-3c2ba47 e-con-full e-flex e-con e-child\" data-id=\"3c2ba47\" data-element_type=\"container\">\n\t\t\t\t<div class=\"elementor-element elementor-element-52fccda elementor-widget elementor-widget-image\" data-id=\"52fccda\" data-element_type=\"widget\" data-widget_type=\"image.default\">\n\t\t\t\t<div class=\"elementor-widget-container\">\n\t\t\t\t\t\t\t\t\t\t\t\t\t\t\t<img fetchpriority=\"high\" decoding=\"async\" width=\"1024\" height=\"1024\" src=\"https:\/\/hm-studio.art\/wp-content\/uploads\/2025\/08\/POST-1-1-1024x1024.png\" class=\"attachment-large size-large wp-image-270\" alt=\"\" srcset=\"https:\/\/hm-studio.art\/wp-content\/uploads\/2025\/08\/POST-1-1-1024x1024.png 1024w, https:\/\/hm-studio.art\/wp-content\/uploads\/2025\/08\/POST-1-1-300x300.png 300w, https:\/\/hm-studio.art\/wp-content\/uploads\/2025\/08\/POST-1-1-150x150.png 150w, https:\/\/hm-studio.art\/wp-content\/uploads\/2025\/08\/POST-1-1-768x769.png 768w, https:\/\/hm-studio.art\/wp-content\/uploads\/2025\/08\/POST-1-1.png 1137w\" sizes=\"(max-width: 1024px) 100vw, 1024px\" \/>\t\t\t\t\t\t\t\t\t\t\t\t\t\t\t<\/div>\n\t\t\t\t<\/div>\n\t\t\t\t<\/div>\n\t\t\t\t\t<\/div>\n\t\t\t\t<\/div>\n\t\t<div class=\"elementor-element elementor-element-46c34f4 e-flex e-con-boxed e-con e-parent\" data-id=\"46c34f4\" data-element_type=\"container\">\n\t\t\t\t\t<div class=\"e-con-inner\">\n\t\t<div class=\"elementor-element elementor-element-5de674b e-con-full e-flex e-con e-child\" data-id=\"5de674b\" data-element_type=\"container\">\n\t\t\t\t<\/div>\n\t\t<div class=\"elementor-element elementor-element-0085513 e-con-full e-flex e-con e-child\" data-id=\"0085513\" data-element_type=\"container\">\n\t\t\t\t<div class=\"elementor-element elementor-element-101bb5a elementor-widget elementor-widget-image\" data-id=\"101bb5a\" data-element_type=\"widget\" data-widget_type=\"image.default\">\n\t\t\t\t<div class=\"elementor-widget-container\">\n\t\t\t\t\t\t\t\t\t\t\t\t\t\t\t<img decoding=\"async\" width=\"1024\" height=\"1024\" src=\"https:\/\/hm-studio.art\/wp-content\/uploads\/2025\/08\/POST-2-1-1024x1024.png\" class=\"attachment-large size-large wp-image-272\" alt=\"\" srcset=\"https:\/\/hm-studio.art\/wp-content\/uploads\/2025\/08\/POST-2-1-1024x1024.png 1024w, https:\/\/hm-studio.art\/wp-content\/uploads\/2025\/08\/POST-2-1-300x300.png 300w, https:\/\/hm-studio.art\/wp-content\/uploads\/2025\/08\/POST-2-1-150x150.png 150w, https:\/\/hm-studio.art\/wp-content\/uploads\/2025\/08\/POST-2-1-768x768.png 768w, https:\/\/hm-studio.art\/wp-content\/uploads\/2025\/08\/POST-2-1.png 1138w\" sizes=\"(max-width: 1024px) 100vw, 1024px\" \/>\t\t\t\t\t\t\t\t\t\t\t\t\t\t\t<\/div>\n\t\t\t\t<\/div>\n\t\t\t\t<\/div>\n\t\t\t\t\t<\/div>\n\t\t\t\t<\/div>\n\t\t<div class=\"elementor-element elementor-element-b6478d4 e-flex e-con-boxed e-con e-parent\" data-id=\"b6478d4\" data-element_type=\"container\">\n\t\t\t\t\t<div class=\"e-con-inner\">\n\t\t<div class=\"elementor-element elementor-element-c7c8d94 e-con-full e-flex e-con e-child\" data-id=\"c7c8d94\" data-element_type=\"container\">\n\t\t\t\t<\/div>\n\t\t<div class=\"elementor-element elementor-element-e0c8f3c e-con-full e-flex e-con e-child\" data-id=\"e0c8f3c\" data-element_type=\"container\">\n\t\t\t\t<div class=\"elementor-element elementor-element-a1ba470 elementor-widget elementor-widget-image\" data-id=\"a1ba470\" data-element_type=\"widget\" data-widget_type=\"image.default\">\n\t\t\t\t<div class=\"elementor-widget-container\">\n\t\t\t\t\t\t\t\t\t\t\t\t\t\t\t<img decoding=\"async\" width=\"1024\" height=\"1017\" src=\"https:\/\/hm-studio.art\/wp-content\/uploads\/2025\/09\/POST-3-1-1024x1017.png\" class=\"attachment-large size-large wp-image-283\" alt=\"\" srcset=\"https:\/\/hm-studio.art\/wp-content\/uploads\/2025\/09\/POST-3-1-1024x1017.png 1024w, https:\/\/hm-studio.art\/wp-content\/uploads\/2025\/09\/POST-3-1-300x298.png 300w, https:\/\/hm-studio.art\/wp-content\/uploads\/2025\/09\/POST-3-1-150x150.png 150w, https:\/\/hm-studio.art\/wp-content\/uploads\/2025\/09\/POST-3-1-768x763.png 768w, https:\/\/hm-studio.art\/wp-content\/uploads\/2025\/09\/POST-3-1.png 1146w\" sizes=\"(max-width: 1024px) 100vw, 1024px\" \/>\t\t\t\t\t\t\t\t\t\t\t\t\t\t\t<\/div>\n\t\t\t\t<\/div>\n\t\t\t\t<\/div>\n\t\t\t\t\t<\/div>\n\t\t\t\t<\/div>\n\t\t<div class=\"elementor-element elementor-element-03b8eb2 e-flex e-con-boxed e-con e-parent\" data-id=\"03b8eb2\" data-element_type=\"container\">\n\t\t\t\t\t<div class=\"e-con-inner\">\n\t\t<div class=\"elementor-element elementor-element-e6bb412 e-con-full e-flex e-con e-child\" data-id=\"e6bb412\" data-element_type=\"container\">\n\t\t\t\t<\/div>\n\t\t<div class=\"elementor-element elementor-element-50fc3b6 e-con-full e-flex e-con e-child\" data-id=\"50fc3b6\" data-element_type=\"container\">\n\t\t\t\t<div class=\"elementor-element elementor-element-5034c3c elementor-widget elementor-widget-image\" data-id=\"5034c3c\" data-element_type=\"widget\" data-widget_type=\"image.default\">\n\t\t\t\t<div class=\"elementor-widget-container\">\n\t\t\t\t\t\t\t\t\t\t\t\t\t\t\t<img loading=\"lazy\" decoding=\"async\" width=\"1024\" height=\"1024\" src=\"https:\/\/hm-studio.art\/wp-content\/uploads\/2025\/09\/POST-5-1-1024x1024.png\" class=\"attachment-large size-large wp-image-286\" alt=\"\" srcset=\"https:\/\/hm-studio.art\/wp-content\/uploads\/2025\/09\/POST-5-1-1024x1024.png 1024w, https:\/\/hm-studio.art\/wp-content\/uploads\/2025\/09\/POST-5-1-300x300.png 300w, https:\/\/hm-studio.art\/wp-content\/uploads\/2025\/09\/POST-5-1-150x150.png 150w, https:\/\/hm-studio.art\/wp-content\/uploads\/2025\/09\/POST-5-1-768x769.png 768w, https:\/\/hm-studio.art\/wp-content\/uploads\/2025\/09\/POST-5-1.png 1080w\" sizes=\"(max-width: 1024px) 100vw, 1024px\" \/>\t\t\t\t\t\t\t\t\t\t\t\t\t\t\t<\/div>\n\t\t\t\t<\/div>\n\t\t\t\t<\/div>\n\t\t\t\t\t<\/div>\n\t\t\t\t<\/div>\n\t\t<div class=\"elementor-element elementor-element-add3d54 e-flex e-con-boxed e-con e-parent\" data-id=\"add3d54\" data-element_type=\"container\">\n\t\t\t\t\t<div class=\"e-con-inner\">\n\t\t<div class=\"elementor-element elementor-element-304c2c4 e-con-full e-flex e-con e-child\" data-id=\"304c2c4\" data-element_type=\"container\">\n\t\t\t\t<\/div>\n\t\t<div class=\"elementor-element elementor-element-e9bc02e e-con-full e-flex e-con e-child\" data-id=\"e9bc02e\" data-element_type=\"container\">\n\t\t\t\t<div class=\"elementor-element elementor-element-a105b0f elementor-widget elementor-widget-image\" data-id=\"a105b0f\" data-element_type=\"widget\" data-widget_type=\"image.default\">\n\t\t\t\t<div class=\"elementor-widget-container\">\n\t\t\t\t\t\t\t\t\t\t\t\t\t\t\t<img loading=\"lazy\" decoding=\"async\" width=\"1024\" height=\"1024\" src=\"https:\/\/hm-studio.art\/wp-content\/uploads\/2025\/09\/POST-7-1024x1024.png\" class=\"attachment-large size-large wp-image-288\" alt=\"\" srcset=\"https:\/\/hm-studio.art\/wp-content\/uploads\/2025\/09\/POST-7-1024x1024.png 1024w, https:\/\/hm-studio.art\/wp-content\/uploads\/2025\/09\/POST-7-300x300.png 300w, https:\/\/hm-studio.art\/wp-content\/uploads\/2025\/09\/POST-7-150x150.png 150w, https:\/\/hm-studio.art\/wp-content\/uploads\/2025\/09\/POST-7-768x768.png 768w, https:\/\/hm-studio.art\/wp-content\/uploads\/2025\/09\/POST-7.png 1138w\" sizes=\"(max-width: 1024px) 100vw, 1024px\" \/>\t\t\t\t\t\t\t\t\t\t\t\t\t\t\t<\/div>\n\t\t\t\t<\/div>\n\t\t\t\t<\/div>\n\t\t\t\t\t<\/div>\n\t\t\t\t<\/div>\n\t\t<div class=\"elementor-element elementor-element-67d0a48 e-flex e-con-boxed e-con e-parent\" data-id=\"67d0a48\" data-element_type=\"container\">\n\t\t\t\t\t<div class=\"e-con-inner\">\n\t\t<div class=\"elementor-element elementor-element-da2fc43 e-con-full e-flex e-con e-child\" data-id=\"da2fc43\" data-element_type=\"container\">\n\t\t\t\t<\/div>\n\t\t<div class=\"elementor-element elementor-element-eab7bca e-con-full e-flex e-con e-child\" data-id=\"eab7bca\" data-element_type=\"container\">\n\t\t\t\t<div class=\"elementor-element elementor-element-391ca81 elementor-widget elementor-widget-image\" data-id=\"391ca81\" data-element_type=\"widget\" data-widget_type=\"image.default\">\n\t\t\t\t<div class=\"elementor-widget-container\">\n\t\t\t\t\t\t\t\t\t\t\t\t\t\t\t<img loading=\"lazy\" decoding=\"async\" width=\"1024\" height=\"1024\" src=\"https:\/\/hm-studio.art\/wp-content\/uploads\/2025\/09\/POST-4-1-1024x1024.png\" class=\"attachment-large size-large wp-image-284\" alt=\"\" srcset=\"https:\/\/hm-studio.art\/wp-content\/uploads\/2025\/09\/POST-4-1-1024x1024.png 1024w, https:\/\/hm-studio.art\/wp-content\/uploads\/2025\/09\/POST-4-1-300x300.png 300w, https:\/\/hm-studio.art\/wp-content\/uploads\/2025\/09\/POST-4-1-150x150.png 150w, https:\/\/hm-studio.art\/wp-content\/uploads\/2025\/09\/POST-4-1-768x768.png 768w, https:\/\/hm-studio.art\/wp-content\/uploads\/2025\/09\/POST-4-1.png 1138w\" sizes=\"(max-width: 1024px) 100vw, 1024px\" \/>\t\t\t\t\t\t\t\t\t\t\t\t\t\t\t<\/div>\n\t\t\t\t<\/div>\n\t\t\t\t<\/div>\n\t\t\t\t\t<\/div>\n\t\t\t\t<\/div>\n\t\t\t\t<\/div>\n\t\t","protected":false},"excerpt":{"rendered":"<p>Cr\u00e9ation d\u2019une campagne d\u2019affichage pour la Pride House Paris 2024, un projet collaboratif qui a \u00e9t\u00e9 distingu\u00e9 par un prix lors de la c\u00e9r\u00e9monie du Club des DA. Le slogan \u00ab \u00c0 la Pride House 2024, tout le monde s\u2019y retrouve \u00bb constitue le c\u0153ur du concept cr\u00e9atif, car il traduit une double id\u00e9e. Il [&hellip;]<\/p>\n","protected":false},"author":1,"featured_media":0,"parent":0,"menu_order":0,"comment_status":"closed","ping_status":"closed","template":"blank","meta":{"footnotes":""},"class_list":["post-327","page","type-page","status-publish","hentry"],"_links":{"self":[{"href":"https:\/\/hm-studio.art\/index.php?rest_route=\/wp\/v2\/pages\/327","targetHints":{"allow":["GET"]}}],"collection":[{"href":"https:\/\/hm-studio.art\/index.php?rest_route=\/wp\/v2\/pages"}],"about":[{"href":"https:\/\/hm-studio.art\/index.php?rest_route=\/wp\/v2\/types\/page"}],"author":[{"embeddable":true,"href":"https:\/\/hm-studio.art\/index.php?rest_route=\/wp\/v2\/users\/1"}],"replies":[{"embeddable":true,"href":"https:\/\/hm-studio.art\/index.php?rest_route=%2Fwp%2Fv2%2Fcomments&post=327"}],"version-history":[{"count":17,"href":"https:\/\/hm-studio.art\/index.php?rest_route=\/wp\/v2\/pages\/327\/revisions"}],"predecessor-version":[{"id":387,"href":"https:\/\/hm-studio.art\/index.php?rest_route=\/wp\/v2\/pages\/327\/revisions\/387"}],"wp:attachment":[{"href":"https:\/\/hm-studio.art\/index.php?rest_route=%2Fwp%2Fv2%2Fmedia&parent=327"}],"curies":[{"name":"wp","href":"https:\/\/api.w.org\/{rel}","templated":true}]}}