{"id":384,"date":"2025-12-10T12:31:33","date_gmt":"2025-12-10T11:31:33","guid":{"rendered":"https:\/\/hm-studio.art\/?page_id=384"},"modified":"2025-12-10T13:02:59","modified_gmt":"2025-12-10T12:02:59","slug":"blj","status":"publish","type":"page","link":"https:\/\/hm-studio.art\/?page_id=384","title":{"rendered":"BLJ"},"content":{"rendered":"\t\t<div data-elementor-type=\"wp-page\" data-elementor-id=\"384\" class=\"elementor elementor-384\">\n\t\t\t\t<div class=\"elementor-element elementor-element-0115274 e-flex e-con-boxed e-con e-parent\" data-id=\"0115274\" data-element_type=\"container\">\n\t\t\t\t\t<div class=\"e-con-inner\">\n\t\t<div class=\"elementor-element elementor-element-66e6a60 e-con-full e-flex e-con e-child\" data-id=\"66e6a60\" data-element_type=\"container\">\n\t\t\t\t<div class=\"elementor-element elementor-element-53cd886 elementor-widget elementor-widget-text-editor\" data-id=\"53cd886\" data-element_type=\"widget\" data-widget_type=\"text-editor.default\">\n\t\t\t\t<div class=\"elementor-widget-container\">\n\t\t\t\t\t\t\t\t\t<p>Sous le pseudonyme BLJ se cache Beno\u00eet Faure, un auto-entrepreneur qualifi\u00e9 qui s\u2019appuie sur plus de sept ann\u00e9es d&rsquo;exp\u00e9rience\u00a0dans le domaine de la pose \u00e9v\u00e8nementielle, de la signal\u00e9tique et de l\u2019habillage visuel.<\/p><p data-start=\"1314\" data-end=\"1665\">Professionnel engag\u00e9, fiable et m\u00e9thodique, BLJ met aujourd\u2019hui son expertise au service des entreprises, agences, collectivit\u00e9s et organisateurs d\u2019\u00e9v\u00e9nements. Son exp\u00e9rience fait de lui un intervenant cl\u00e9 , capable d\u2019assurer la pose, la maintenance et la coordination de projets visuels complexes, avec un souci constant de qualit\u00e9 et de r\u00e9sultat.<\/p><p data-start=\"1667\" data-end=\"1799\">BLJ, c\u2019est l\u2019assurance d\u2019un accompagnement s\u00e9rieux, pr\u00e9cis et parfaitement ex\u00e9cut\u00e9 \u2014 garantissant le succ\u00e8s de chaque op\u00e9ration.<\/p>\t\t\t\t\t\t\t\t<\/div>\n\t\t\t\t<\/div>\n\t\t\t\t<\/div>\n\t\t<div class=\"elementor-element elementor-element-1b84665 e-con-full e-flex e-con e-child\" data-id=\"1b84665\" data-element_type=\"container\">\n\t\t\t\t<div class=\"elementor-element elementor-element-bd1a419 elementor-widget elementor-widget-image\" data-id=\"bd1a419\" data-element_type=\"widget\" data-widget_type=\"image.default\">\n\t\t\t\t<div class=\"elementor-widget-container\">\n\t\t\t\t\t\t\t\t\t\t\t\t\t\t\t<img fetchpriority=\"high\" decoding=\"async\" width=\"1024\" height=\"1024\" src=\"https:\/\/hm-studio.art\/wp-content\/uploads\/2025\/12\/POST-1-1024x1024.png\" class=\"attachment-large size-large wp-image-364\" alt=\"\" srcset=\"https:\/\/hm-studio.art\/wp-content\/uploads\/2025\/12\/POST-1-1024x1024.png 1024w, https:\/\/hm-studio.art\/wp-content\/uploads\/2025\/12\/POST-1-300x300.png 300w, https:\/\/hm-studio.art\/wp-content\/uploads\/2025\/12\/POST-1-150x150.png 150w, https:\/\/hm-studio.art\/wp-content\/uploads\/2025\/12\/POST-1-768x768.png 768w, https:\/\/hm-studio.art\/wp-content\/uploads\/2025\/12\/POST-1-1536x1536.png 1536w, https:\/\/hm-studio.art\/wp-content\/uploads\/2025\/12\/POST-1-2048x2048.png 2048w\" sizes=\"(max-width: 1024px) 100vw, 1024px\" \/>\t\t\t\t\t\t\t\t\t\t\t\t\t\t\t<\/div>\n\t\t\t\t<\/div>\n\t\t\t\t<\/div>\n\t\t\t\t\t<\/div>\n\t\t\t\t<\/div>\n\t\t<div class=\"elementor-element elementor-element-83b922a e-flex e-con-boxed e-con e-parent\" data-id=\"83b922a\" data-element_type=\"container\">\n\t\t\t\t\t<div class=\"e-con-inner\">\n\t\t<div class=\"elementor-element elementor-element-fd29c67 e-con-full e-flex e-con e-child\" data-id=\"fd29c67\" data-element_type=\"container\">\n\t\t\t\t<\/div>\n\t\t<div class=\"elementor-element elementor-element-abf9bf9 e-con-full e-flex e-con e-child\" data-id=\"abf9bf9\" data-element_type=\"container\">\n\t\t\t\t<div class=\"elementor-element elementor-element-75ce1e8 elementor-widget elementor-widget-image\" data-id=\"75ce1e8\" data-element_type=\"widget\" data-widget_type=\"image.default\">\n\t\t\t\t<div class=\"elementor-widget-container\">\n\t\t\t\t\t\t\t\t\t\t\t\t\t\t\t<img decoding=\"async\" width=\"1024\" height=\"1024\" src=\"https:\/\/hm-studio.art\/wp-content\/uploads\/2025\/12\/POST-3-1024x1024.png\" class=\"attachment-large size-large wp-image-366\" alt=\"\" srcset=\"https:\/\/hm-studio.art\/wp-content\/uploads\/2025\/12\/POST-3-1024x1024.png 1024w, https:\/\/hm-studio.art\/wp-content\/uploads\/2025\/12\/POST-3-300x300.png 300w, https:\/\/hm-studio.art\/wp-content\/uploads\/2025\/12\/POST-3-150x150.png 150w, https:\/\/hm-studio.art\/wp-content\/uploads\/2025\/12\/POST-3-768x768.png 768w, https:\/\/hm-studio.art\/wp-content\/uploads\/2025\/12\/POST-3-1536x1536.png 1536w, https:\/\/hm-studio.art\/wp-content\/uploads\/2025\/12\/POST-3-2048x2048.png 2048w\" sizes=\"(max-width: 1024px) 100vw, 1024px\" \/>\t\t\t\t\t\t\t\t\t\t\t\t\t\t\t<\/div>\n\t\t\t\t<\/div>\n\t\t\t\t<div class=\"elementor-element elementor-element-94c0f95 elementor-widget elementor-widget-image\" data-id=\"94c0f95\" data-element_type=\"widget\" data-widget_type=\"image.default\">\n\t\t\t\t<div class=\"elementor-widget-container\">\n\t\t\t\t\t\t\t\t\t\t\t\t\t\t\t<img decoding=\"async\" width=\"1024\" height=\"1024\" src=\"https:\/\/hm-studio.art\/wp-content\/uploads\/2025\/12\/POST-5-1024x1024.png\" class=\"attachment-large size-large wp-image-369\" alt=\"\" srcset=\"https:\/\/hm-studio.art\/wp-content\/uploads\/2025\/12\/POST-5-1024x1024.png 1024w, https:\/\/hm-studio.art\/wp-content\/uploads\/2025\/12\/POST-5-300x300.png 300w, https:\/\/hm-studio.art\/wp-content\/uploads\/2025\/12\/POST-5-150x150.png 150w, https:\/\/hm-studio.art\/wp-content\/uploads\/2025\/12\/POST-5-768x768.png 768w, https:\/\/hm-studio.art\/wp-content\/uploads\/2025\/12\/POST-5-1536x1536.png 1536w, https:\/\/hm-studio.art\/wp-content\/uploads\/2025\/12\/POST-5-2048x2048.png 2048w\" sizes=\"(max-width: 1024px) 100vw, 1024px\" \/>\t\t\t\t\t\t\t\t\t\t\t\t\t\t\t<\/div>\n\t\t\t\t<\/div>\n\t\t\t\t<div class=\"elementor-element elementor-element-dccc972 elementor-widget elementor-widget-image\" data-id=\"dccc972\" data-element_type=\"widget\" data-widget_type=\"image.default\">\n\t\t\t\t<div class=\"elementor-widget-container\">\n\t\t\t\t\t\t\t\t\t\t\t\t\t\t\t<img loading=\"lazy\" decoding=\"async\" width=\"1024\" height=\"1024\" src=\"https:\/\/hm-studio.art\/wp-content\/uploads\/2025\/12\/POST-4-1024x1024.png\" class=\"attachment-large size-large wp-image-367\" alt=\"\" srcset=\"https:\/\/hm-studio.art\/wp-content\/uploads\/2025\/12\/POST-4-1024x1024.png 1024w, https:\/\/hm-studio.art\/wp-content\/uploads\/2025\/12\/POST-4-300x300.png 300w, https:\/\/hm-studio.art\/wp-content\/uploads\/2025\/12\/POST-4-150x150.png 150w, https:\/\/hm-studio.art\/wp-content\/uploads\/2025\/12\/POST-4-768x768.png 768w, https:\/\/hm-studio.art\/wp-content\/uploads\/2025\/12\/POST-4-1536x1536.png 1536w, https:\/\/hm-studio.art\/wp-content\/uploads\/2025\/12\/POST-4-2048x2048.png 2048w\" sizes=\"(max-width: 1024px) 100vw, 1024px\" \/>\t\t\t\t\t\t\t\t\t\t\t\t\t\t\t<\/div>\n\t\t\t\t<\/div>\n\t\t\t\t<div class=\"elementor-element elementor-element-3623221 elementor-widget elementor-widget-image\" data-id=\"3623221\" data-element_type=\"widget\" data-widget_type=\"image.default\">\n\t\t\t\t<div class=\"elementor-widget-container\">\n\t\t\t\t\t\t\t\t\t\t\t\t\t\t\t<img loading=\"lazy\" decoding=\"async\" width=\"1024\" height=\"1024\" src=\"https:\/\/hm-studio.art\/wp-content\/uploads\/2025\/12\/POST-6-1024x1024.png\" class=\"attachment-large size-large wp-image-370\" alt=\"\" srcset=\"https:\/\/hm-studio.art\/wp-content\/uploads\/2025\/12\/POST-6-1024x1024.png 1024w, https:\/\/hm-studio.art\/wp-content\/uploads\/2025\/12\/POST-6-300x300.png 300w, https:\/\/hm-studio.art\/wp-content\/uploads\/2025\/12\/POST-6-150x150.png 150w, https:\/\/hm-studio.art\/wp-content\/uploads\/2025\/12\/POST-6-768x768.png 768w, https:\/\/hm-studio.art\/wp-content\/uploads\/2025\/12\/POST-6-1536x1536.png 1536w, https:\/\/hm-studio.art\/wp-content\/uploads\/2025\/12\/POST-6-2048x2048.png 2048w\" sizes=\"(max-width: 1024px) 100vw, 1024px\" \/>\t\t\t\t\t\t\t\t\t\t\t\t\t\t\t<\/div>\n\t\t\t\t<\/div>\n\t\t\t\t<div class=\"elementor-element elementor-element-643630b elementor-widget elementor-widget-image\" data-id=\"643630b\" data-element_type=\"widget\" data-widget_type=\"image.default\">\n\t\t\t\t<div class=\"elementor-widget-container\">\n\t\t\t\t\t\t\t\t\t\t\t\t\t\t\t<img loading=\"lazy\" decoding=\"async\" width=\"1024\" height=\"1024\" src=\"https:\/\/hm-studio.art\/wp-content\/uploads\/2025\/12\/POST-8-1024x1024.png\" class=\"attachment-large size-large wp-image-375\" alt=\"\" srcset=\"https:\/\/hm-studio.art\/wp-content\/uploads\/2025\/12\/POST-8-1024x1024.png 1024w, https:\/\/hm-studio.art\/wp-content\/uploads\/2025\/12\/POST-8-300x300.png 300w, https:\/\/hm-studio.art\/wp-content\/uploads\/2025\/12\/POST-8-150x150.png 150w, https:\/\/hm-studio.art\/wp-content\/uploads\/2025\/12\/POST-8-768x768.png 768w, https:\/\/hm-studio.art\/wp-content\/uploads\/2025\/12\/POST-8-1536x1536.png 1536w, https:\/\/hm-studio.art\/wp-content\/uploads\/2025\/12\/POST-8-2048x2048.png 2048w\" sizes=\"(max-width: 1024px) 100vw, 1024px\" \/>\t\t\t\t\t\t\t\t\t\t\t\t\t\t\t<\/div>\n\t\t\t\t<\/div>\n\t\t\t\t<\/div>\n\t\t\t\t\t<\/div>\n\t\t\t\t<\/div>\n\t\t\t\t<\/div>\n\t\t","protected":false},"excerpt":{"rendered":"<p>Sous le pseudonyme BLJ se cache Beno\u00eet Faure, un auto-entrepreneur qualifi\u00e9 qui s\u2019appuie sur plus de sept ann\u00e9es d&rsquo;exp\u00e9rience\u00a0dans le domaine de la pose \u00e9v\u00e8nementielle, de la signal\u00e9tique et de l\u2019habillage visuel. Professionnel engag\u00e9, fiable et m\u00e9thodique, BLJ met aujourd\u2019hui son expertise au service des entreprises, agences, collectivit\u00e9s et organisateurs d\u2019\u00e9v\u00e9nements. Son exp\u00e9rience fait de [&hellip;]<\/p>\n","protected":false},"author":1,"featured_media":0,"parent":0,"menu_order":0,"comment_status":"closed","ping_status":"closed","template":"blank","meta":{"footnotes":""},"class_list":["post-384","page","type-page","status-publish","hentry"],"_links":{"self":[{"href":"https:\/\/hm-studio.art\/index.php?rest_route=\/wp\/v2\/pages\/384","targetHints":{"allow":["GET"]}}],"collection":[{"href":"https:\/\/hm-studio.art\/index.php?rest_route=\/wp\/v2\/pages"}],"about":[{"href":"https:\/\/hm-studio.art\/index.php?rest_route=\/wp\/v2\/types\/page"}],"author":[{"embeddable":true,"href":"https:\/\/hm-studio.art\/index.php?rest_route=\/wp\/v2\/users\/1"}],"replies":[{"embeddable":true,"href":"https:\/\/hm-studio.art\/index.php?rest_route=%2Fwp%2Fv2%2Fcomments&post=384"}],"version-history":[{"count":16,"href":"https:\/\/hm-studio.art\/index.php?rest_route=\/wp\/v2\/pages\/384\/revisions"}],"predecessor-version":[{"id":420,"href":"https:\/\/hm-studio.art\/index.php?rest_route=\/wp\/v2\/pages\/384\/revisions\/420"}],"wp:attachment":[{"href":"https:\/\/hm-studio.art\/index.php?rest_route=%2Fwp%2Fv2%2Fmedia&parent=384"}],"curies":[{"name":"wp","href":"https:\/\/api.w.org\/{rel}","templated":true}]}}