{"id":43,"date":"2025-08-05T13:22:19","date_gmt":"2025-08-05T11:22:19","guid":{"rendered":"https:\/\/hm-studio.art\/?page_id=43"},"modified":"2025-12-10T12:48:02","modified_gmt":"2025-12-10T11:48:02","slug":"hello","status":"publish","type":"page","link":"https:\/\/hm-studio.art\/","title":{"rendered":"HELLO"},"content":{"rendered":"\t\t<div data-elementor-type=\"wp-page\" data-elementor-id=\"43\" class=\"elementor elementor-43\">\n\t\t\t\t<div class=\"elementor-element elementor-element-6870314 e-flex e-con-boxed e-con e-parent\" data-id=\"6870314\" data-element_type=\"container\">\n\t\t\t\t\t<div class=\"e-con-inner\">\n\t\t\t\t<div class=\"elementor-element elementor-element-2628070 elementor-widget elementor-widget-heading\" data-id=\"2628070\" data-element_type=\"widget\" data-widget_type=\"heading.default\">\n\t\t\t\t<div class=\"elementor-widget-container\">\n\t\t\t\t\t<h2 class=\"elementor-heading-title elementor-size-default\">hm studio<\/h2>\t\t\t\t<\/div>\n\t\t\t\t<\/div>\n\t\t\t\t\t<\/div>\n\t\t\t\t<\/div>\n\t\t<div class=\"elementor-element elementor-element-a016966 e-flex e-con-boxed e-con e-parent\" data-id=\"a016966\" data-element_type=\"container\">\n\t\t\t\t\t<div class=\"e-con-inner\">\n\t\t\t\t<div class=\"elementor-element elementor-element-a5d5cf3 elementor-widget elementor-widget-text-editor\" data-id=\"a5d5cf3\" data-element_type=\"widget\" data-widget_type=\"text-editor.default\">\n\t\t\t\t<div class=\"elementor-widget-container\">\n\t\t\t\t\t\t\t\t\t<p data-start=\"103\" data-end=\"415\"><strong data-start=\"103\" data-end=\"116\">hm studio<\/strong> est n\u00e9 d\u2019une id\u00e9e simple : chaque marque poss\u00e8de une histoire qui m\u00e9rite d\u2019\u00eatre racont\u00e9e avec justesse et cr\u00e9ativit\u00e9. Fond\u00e9 par Hortense Marchado, le studio s\u2019inspire des personnalit\u00e9s, des parcours et des ambitions de ses clients pour concevoir des univers visuels qui leur ressemblent vraiment.<\/p><p data-start=\"422\" data-end=\"681\">Ici, le design et le branding ne se limitent pas \u00e0 une identit\u00e9 graphique ; ils deviennent un langage, un moyen d\u2019expression qui transmet des \u00e9motions et cr\u00e9e des connexions durables. Chaque projet est une immersion, une recherche d\u2019authenticit\u00e9 et de sens.<\/p><p data-start=\"688\" data-end=\"1033\">Ancr\u00e9 dans le sud de la France, \u00e0 Montpellier, <strong data-start=\"732\" data-end=\"745\">hm studio<\/strong> m\u00eale esth\u00e9tique et strat\u00e9gie pour r\u00e9v\u00e9ler la singularit\u00e9 de chaque marque. Que vous soyez entrepreneur, cr\u00e9ateur ou entreprise \u00e9tablie, le studio vous accompagnera dans la mise en lumi\u00e8re de ce qui vous rend unique.<\/p>\t\t\t\t\t\t\t\t<\/div>\n\t\t\t\t<\/div>\n\t\t\t\t\t<\/div>\n\t\t\t\t<\/div>\n\t\t<div class=\"elementor-element elementor-element-6bce512 e-flex e-con-boxed e-con e-parent\" data-id=\"6bce512\" data-element_type=\"container\">\n\t\t\t\t\t<div class=\"e-con-inner\">\n\t\t<div class=\"elementor-element elementor-element-667257d e-con-full e-flex e-con e-child\" data-id=\"667257d\" data-element_type=\"container\">\n\t\t\t\t<div class=\"elementor-element elementor-element-4fc010b elementor-widget elementor-widget-image\" data-id=\"4fc010b\" data-element_type=\"widget\" data-widget_type=\"image.default\">\n\t\t\t\t<div class=\"elementor-widget-container\">\n\t\t\t\t\t\t\t\t\t\t\t\t\t\t\t\t<a href=\"https:\/\/hm-studio.art\/?page_id=108\">\n\t\t\t\t\t\t\t<img fetchpriority=\"high\" decoding=\"async\" width=\"842\" height=\"851\" src=\"https:\/\/hm-studio.art\/wp-content\/uploads\/2025\/08\/POST-4-1.png\" class=\"attachment-large size-large wp-image-133\" alt=\"\" srcset=\"https:\/\/hm-studio.art\/wp-content\/uploads\/2025\/08\/POST-4-1.png 842w, https:\/\/hm-studio.art\/wp-content\/uploads\/2025\/08\/POST-4-1-297x300.png 297w, https:\/\/hm-studio.art\/wp-content\/uploads\/2025\/08\/POST-4-1-768x776.png 768w\" sizes=\"(max-width: 842px) 100vw, 842px\" \/>\t\t\t\t\t\t\t\t<\/a>\n\t\t\t\t\t\t\t\t\t\t\t\t\t\t\t<\/div>\n\t\t\t\t<\/div>\n\t\t\t\t<\/div>\n\t\t<div class=\"elementor-element elementor-element-9903392 e-con-full e-flex e-con e-child\" data-id=\"9903392\" data-element_type=\"container\">\n\t\t\t\t<div class=\"elementor-element elementor-element-b5a6ac7 elementor-widget elementor-widget-image\" data-id=\"b5a6ac7\" data-element_type=\"widget\" data-widget_type=\"image.default\">\n\t\t\t\t<div class=\"elementor-widget-container\">\n\t\t\t\t\t\t\t\t\t\t\t\t\t\t\t\t<a href=\"https:\/\/hm-studio.art\/?page_id=167\">\n\t\t\t\t\t\t\t<img decoding=\"async\" width=\"1024\" height=\"1024\" src=\"https:\/\/hm-studio.art\/wp-content\/uploads\/2025\/09\/POST-1-1024x1024.png\" class=\"attachment-large size-large wp-image-200\" alt=\"\" srcset=\"https:\/\/hm-studio.art\/wp-content\/uploads\/2025\/09\/POST-1-1024x1024.png 1024w, https:\/\/hm-studio.art\/wp-content\/uploads\/2025\/09\/POST-1-300x300.png 300w, https:\/\/hm-studio.art\/wp-content\/uploads\/2025\/09\/POST-1-150x150.png 150w, https:\/\/hm-studio.art\/wp-content\/uploads\/2025\/09\/POST-1-768x768.png 768w, https:\/\/hm-studio.art\/wp-content\/uploads\/2025\/09\/POST-1.png 1138w\" sizes=\"(max-width: 1024px) 100vw, 1024px\" \/>\t\t\t\t\t\t\t\t<\/a>\n\t\t\t\t\t\t\t\t\t\t\t\t\t\t\t<\/div>\n\t\t\t\t<\/div>\n\t\t\t\t<\/div>\n\t\t<div class=\"elementor-element elementor-element-27383bb e-con-full e-flex e-con e-child\" data-id=\"27383bb\" data-element_type=\"container\">\n\t\t\t\t<div class=\"elementor-element elementor-element-bcb1a22 elementor-widget elementor-widget-image\" data-id=\"bcb1a22\" data-element_type=\"widget\" data-widget_type=\"image.default\">\n\t\t\t\t<div class=\"elementor-widget-container\">\n\t\t\t\t\t\t\t\t\t\t\t\t\t\t\t\t<a href=\"https:\/\/hm-studio.art\/?page_id=327\">\n\t\t\t\t\t\t\t<img decoding=\"async\" width=\"1024\" height=\"1024\" src=\"https:\/\/hm-studio.art\/wp-content\/uploads\/2025\/08\/POST-2-1-1024x1024.png\" class=\"attachment-large size-large wp-image-272\" alt=\"\" srcset=\"https:\/\/hm-studio.art\/wp-content\/uploads\/2025\/08\/POST-2-1-1024x1024.png 1024w, https:\/\/hm-studio.art\/wp-content\/uploads\/2025\/08\/POST-2-1-300x300.png 300w, https:\/\/hm-studio.art\/wp-content\/uploads\/2025\/08\/POST-2-1-150x150.png 150w, https:\/\/hm-studio.art\/wp-content\/uploads\/2025\/08\/POST-2-1-768x768.png 768w, https:\/\/hm-studio.art\/wp-content\/uploads\/2025\/08\/POST-2-1.png 1138w\" sizes=\"(max-width: 1024px) 100vw, 1024px\" \/>\t\t\t\t\t\t\t\t<\/a>\n\t\t\t\t\t\t\t\t\t\t\t\t\t\t\t<\/div>\n\t\t\t\t<\/div>\n\t\t\t\t<\/div>\n\t\t<div class=\"elementor-element elementor-element-94dfaa5 e-con-full e-flex e-con e-child\" data-id=\"94dfaa5\" data-element_type=\"container\">\n\t\t\t\t<div class=\"elementor-element elementor-element-0b18de0 elementor-widget elementor-widget-text-editor\" data-id=\"0b18de0\" data-element_type=\"widget\" data-widget_type=\"text-editor.default\">\n\t\t\t\t<div class=\"elementor-widget-container\">\n\t\t\t\t\t\t\t\t\t<p>Identit\u00e9 visuelle \/ MICHE\u00a0<\/p>\t\t\t\t\t\t\t\t<\/div>\n\t\t\t\t<\/div>\n\t\t\t\t<\/div>\n\t\t<div class=\"elementor-element elementor-element-f8c42c9 e-con-full e-flex e-con e-child\" data-id=\"f8c42c9\" data-element_type=\"container\">\n\t\t\t\t<div class=\"elementor-element elementor-element-7a2403a elementor-widget elementor-widget-text-editor\" data-id=\"7a2403a\" data-element_type=\"widget\" data-widget_type=\"text-editor.default\">\n\t\t\t\t<div class=\"elementor-widget-container\">\n\t\t\t\t\t\t\t\t\t<p>Identit\u00e9 visuelle \/ La Mer \u00e0 boire<\/p>\t\t\t\t\t\t\t\t<\/div>\n\t\t\t\t<\/div>\n\t\t\t\t<\/div>\n\t\t<div class=\"elementor-element elementor-element-6f639a0 e-con-full e-flex e-con e-child\" data-id=\"6f639a0\" data-element_type=\"container\">\n\t\t\t\t<div class=\"elementor-element elementor-element-a897376 elementor-widget elementor-widget-text-editor\" data-id=\"a897376\" data-element_type=\"widget\" data-widget_type=\"text-editor.default\">\n\t\t\t\t<div class=\"elementor-widget-container\">\n\t\t\t\t\t\t\t\t\t<p>Communication visuelle \/ La Pride House<\/p>\t\t\t\t\t\t\t\t<\/div>\n\t\t\t\t<\/div>\n\t\t\t\t<\/div>\n\t\t\t\t\t<\/div>\n\t\t\t\t<\/div>\n\t\t<div class=\"elementor-element elementor-element-7f38deb e-flex e-con-boxed e-con e-parent\" data-id=\"7f38deb\" data-element_type=\"container\">\n\t\t\t\t\t<div class=\"e-con-inner\">\n\t\t<div class=\"elementor-element elementor-element-6bf8236 e-con-full e-flex e-con e-child\" data-id=\"6bf8236\" data-element_type=\"container\">\n\t\t\t\t<div class=\"elementor-element elementor-element-3146564 elementor-widget elementor-widget-image\" data-id=\"3146564\" data-element_type=\"widget\" data-widget_type=\"image.default\">\n\t\t\t\t<div class=\"elementor-widget-container\">\n\t\t\t\t\t\t\t\t\t\t\t\t\t\t\t\t<a href=\"https:\/\/hm-studio.art\/?page_id=384\">\n\t\t\t\t\t\t\t<img loading=\"lazy\" decoding=\"async\" width=\"1024\" height=\"1024\" src=\"https:\/\/hm-studio.art\/wp-content\/uploads\/2025\/12\/POST-4-1024x1024.png\" class=\"attachment-large size-large wp-image-367\" alt=\"\" srcset=\"https:\/\/hm-studio.art\/wp-content\/uploads\/2025\/12\/POST-4-1024x1024.png 1024w, https:\/\/hm-studio.art\/wp-content\/uploads\/2025\/12\/POST-4-300x300.png 300w, https:\/\/hm-studio.art\/wp-content\/uploads\/2025\/12\/POST-4-150x150.png 150w, https:\/\/hm-studio.art\/wp-content\/uploads\/2025\/12\/POST-4-768x768.png 768w, https:\/\/hm-studio.art\/wp-content\/uploads\/2025\/12\/POST-4-1536x1536.png 1536w, https:\/\/hm-studio.art\/wp-content\/uploads\/2025\/12\/POST-4-2048x2048.png 2048w\" sizes=\"(max-width: 1024px) 100vw, 1024px\" \/>\t\t\t\t\t\t\t\t<\/a>\n\t\t\t\t\t\t\t\t\t\t\t\t\t\t\t<\/div>\n\t\t\t\t<\/div>\n\t\t\t\t<\/div>\n\t\t<div class=\"elementor-element elementor-element-5410307 e-con-full e-flex e-con e-child\" data-id=\"5410307\" data-element_type=\"container\">\n\t\t\t\t<\/div>\n\t\t<div class=\"elementor-element elementor-element-b0f53fc e-con-full e-flex e-con e-child\" data-id=\"b0f53fc\" data-element_type=\"container\">\n\t\t\t\t<\/div>\n\t\t<div class=\"elementor-element elementor-element-6550696 e-con-full e-flex e-con e-child\" data-id=\"6550696\" data-element_type=\"container\">\n\t\t\t\t<div class=\"elementor-element elementor-element-b50c6d6 elementor-widget elementor-widget-text-editor\" data-id=\"b50c6d6\" data-element_type=\"widget\" data-widget_type=\"text-editor.default\">\n\t\t\t\t<div class=\"elementor-widget-container\">\n\t\t\t\t\t\t\t\t\t<p>Identit\u00e9 visuelle \/ BLJ<\/p>\t\t\t\t\t\t\t\t<\/div>\n\t\t\t\t<\/div>\n\t\t\t\t<\/div>\n\t\t<div class=\"elementor-element elementor-element-2a371bf e-con-full e-flex e-con e-child\" data-id=\"2a371bf\" data-element_type=\"container\">\n\t\t\t\t<\/div>\n\t\t<div class=\"elementor-element elementor-element-481b33b e-con-full e-flex e-con e-child\" data-id=\"481b33b\" data-element_type=\"container\">\n\t\t\t\t<\/div>\n\t\t\t\t\t<\/div>\n\t\t\t\t<\/div>\n\t\t<div class=\"elementor-element elementor-element-39c6985 e-flex e-con-boxed e-con e-parent\" data-id=\"39c6985\" data-element_type=\"container\">\n\t\t\t\t\t<div class=\"e-con-inner\">\n\t\t\t\t<div class=\"elementor-element elementor-element-25b1dfe elementor-widget elementor-widget-text-editor\" data-id=\"25b1dfe\" data-element_type=\"widget\" data-widget_type=\"text-editor.default\">\n\t\t\t\t<div class=\"elementor-widget-container\">\n\t\t\t\t\t\t\t\t\t<p data-start=\"103\" data-end=\"415\"><b>mail : <\/b>contact.hm.studiodesign@gmail.fr<\/p><p data-start=\"103\" data-end=\"415\"><strong>t\u00e9l\u00e9plone<\/strong> : 07.77.25.24.94<\/p><p data-start=\"103\" data-end=\"415\"><strong>instagram : <\/strong>hm.studio.design<\/p>\t\t\t\t\t\t\t\t<\/div>\n\t\t\t\t<\/div>\n\t\t\t\t\t<\/div>\n\t\t\t\t<\/div>\n\t\t\t\t<\/div>\n\t\t","protected":false},"excerpt":{"rendered":"<p>hm studio hm studio est n\u00e9 d\u2019une id\u00e9e simple : chaque marque poss\u00e8de une histoire qui m\u00e9rite d\u2019\u00eatre racont\u00e9e avec justesse et cr\u00e9ativit\u00e9. Fond\u00e9 par Hortense Marchado, le studio s\u2019inspire des personnalit\u00e9s, des parcours et des ambitions de ses clients pour concevoir des univers visuels qui leur ressemblent vraiment. Ici, le design et le branding [&hellip;]<\/p>\n","protected":false},"author":1,"featured_media":0,"parent":0,"menu_order":0,"comment_status":"closed","ping_status":"closed","template":"blank","meta":{"footnotes":""},"class_list":["post-43","page","type-page","status-publish","hentry"],"_links":{"self":[{"href":"https:\/\/hm-studio.art\/index.php?rest_route=\/wp\/v2\/pages\/43","targetHints":{"allow":["GET"]}}],"collection":[{"href":"https:\/\/hm-studio.art\/index.php?rest_route=\/wp\/v2\/pages"}],"about":[{"href":"https:\/\/hm-studio.art\/index.php?rest_route=\/wp\/v2\/types\/page"}],"author":[{"embeddable":true,"href":"https:\/\/hm-studio.art\/index.php?rest_route=\/wp\/v2\/users\/1"}],"replies":[{"embeddable":true,"href":"https:\/\/hm-studio.art\/index.php?rest_route=%2Fwp%2Fv2%2Fcomments&post=43"}],"version-history":[{"count":123,"href":"https:\/\/hm-studio.art\/index.php?rest_route=\/wp\/v2\/pages\/43\/revisions"}],"predecessor-version":[{"id":417,"href":"https:\/\/hm-studio.art\/index.php?rest_route=\/wp\/v2\/pages\/43\/revisions\/417"}],"wp:attachment":[{"href":"https:\/\/hm-studio.art\/index.php?rest_route=%2Fwp%2Fv2%2Fmedia&parent=43"}],"curies":[{"name":"wp","href":"https:\/\/api.w.org\/{rel}","templated":true}]}}